{"id":25,"date":"2021-11-08T13:03:07","date_gmt":"2021-11-08T10:03:07","guid":{"rendered":"https:\/\/alsasdepo.com\/?page_id=25"},"modified":"2021-11-08T13:03:07","modified_gmt":"2021-11-08T10:03:07","slug":"hizmetlerimiz-2","status":"publish","type":"page","link":"https:\/\/alsasdepo.com\/index.php\/hizmetlerimiz-2\/","title":{"rendered":"H\u0130ZMETLER\u0130M\u0130Z"},"content":{"rendered":"<p>H\u0130ZMETLER\u0130M\u0130Z.<\/p>\n<p>Tesisimiz 4750 m2 Kapal\u0131 Alan\u0131 Bulunmaktad\u0131r<\/p>\n<p>Farkl\u0131 b\u00fcy\u00fckl\u00fcklerde 14 B\u00f6l\u00fcm\u00fc vard\u0131r 14 B\u00f6l\u00fcm \u00e7ift rejim olarak \u00e7al\u0131s\u0131r<\/p>\n<p>1 adet Statik \u015fok\u00a0 cihaz\u0131m\u0131z 15 ton hacimli\u00a0\u00a0\u00a0\u00a0 12 saat Kapasiteli<\/p>\n<p>Depomuz da Muhafaza edilen \u00fcr\u00fcnler\u00a0 ba\u015fl\u0131calar\u0131<\/p>\n<p>Taze meyve ,Elma ,Armut, Kivi\u00a0 \u015eeftali ,Erik\u00a0 S\u00fct \u00fcr\u00fcnleri<\/p>\n<p>Donmu\u015f muhafaza da\u00a0 -18 \u25cb\u00a0 -22 \u25cb\u00a0 aras\u0131nda tavuk eti ve donmu\u015f sebze meyve\u00a0 muhafaza edilir.<\/p>\n","protected":false},"excerpt":{"rendered":"<p>H\u0130ZMETLER\u0130M\u0130Z. Tesisimiz 4750 m2 Kapal\u0131 Alan\u0131 Bulunmaktad\u0131r Farkl\u0131 b\u00fcy\u00fckl\u00fcklerde 14 B\u00f6l\u00fcm\u00fc vard\u0131r 14 B\u00f6l\u00fcm \u00e7ift rejim olarak \u00e7al\u0131s\u0131r 1 adet Statik \u015fok\u00a0 cihaz\u0131m\u0131z 15 ton hacimli\u00a0\u00a0\u00a0\u00a0 12 saat Kapasiteli Depomuz da Muhafaza edilen \u00fcr\u00fcnler\u00a0 ba\u015fl\u0131calar\u0131 Taze meyve ,Elma ,Armut, Kivi\u00a0 &hellip; <a href=\"https:\/\/alsasdepo.com\/index.php\/hizmetlerimiz-2\/\">Devam\u0131<\/a><\/p>\n","protected":false},"author":1,"featured_media":0,"parent":0,"menu_order":0,"comment_status":"closed","ping_status":"closed","template":"","meta":{"kt_blocks_editor_width":"","footnotes":""},"class_list":["post-25","page","type-page","status-publish","hentry"],"_links":{"self":[{"href":"https:\/\/alsasdepo.com\/index.php\/wp-json\/wp\/v2\/pages\/25","targetHints":{"allow":["GET"]}}],"collection":[{"href":"https:\/\/alsasdepo.com\/index.php\/wp-json\/wp\/v2\/pages"}],"about":[{"href":"https:\/\/alsasdepo.com\/index.php\/wp-json\/wp\/v2\/types\/page"}],"author":[{"embeddable":true,"href":"https:\/\/alsasdepo.com\/index.php\/wp-json\/wp\/v2\/users\/1"}],"replies":[{"embeddable":true,"href":"https:\/\/alsasdepo.com\/index.php\/wp-json\/wp\/v2\/comments?post=25"}],"version-history":[{"count":1,"href":"https:\/\/alsasdepo.com\/index.php\/wp-json\/wp\/v2\/pages\/25\/revisions"}],"predecessor-version":[{"id":26,"href":"https:\/\/alsasdepo.com\/index.php\/wp-json\/wp\/v2\/pages\/25\/revisions\/26"}],"wp:attachment":[{"href":"https:\/\/alsasdepo.com\/index.php\/wp-json\/wp\/v2\/media?parent=25"}],"curies":[{"name":"wp","href":"https:\/\/api.w.org\/{rel}","templated":true}]}}